{"id":55,"date":"2016-05-19T19:19:44","date_gmt":"2016-05-20T00:19:44","guid":{"rendered":"http:\/\/condominio.com.mx\/puebla\/?page_id=55"},"modified":"2016-07-25T16:59:06","modified_gmt":"2016-07-25T21:59:06","slug":"quienes-somos","status":"publish","type":"page","link":"https:\/\/condominio.com.mx\/puebla\/quienes-somos\/","title":{"rendered":"Quienes Somos"},"content":{"rendered":"<p style=\"text-align: justify;\">Somos un grupo de personas y empresas formando una gran comunidad de Mexicanos que desean crecer sus negocios e ingresos.<\/p>\n<p style=\"text-align: justify;\">Nuestra comunidad, que le llamamos COMERCIO GLOBAL,\u00a0 agrupa a personas y empresas de diferentes mercados que se apoyen entre ellos mismos para mejorar sus ventas, sus capacidades, sus clientes.<\/p>\n<p style=\"text-align: justify;\">Los fundamentos principales en los que nos basamos son:<\/p>\n<ul style=\"text-align: justify;\">\n<li style=\"text-align: justify;\">Cada elemento de la comunidad tendr\u00e1 la <strong>obligaci\u00f3n moral<\/strong> de apoyar de manera prioritaria a los otros elementos de la comunidad, cuando busquen productos y servicios deber\u00e1n realizar una b\u00fasqueda dentro del grupo antes que en cualquier otro lugar.<\/li>\n<li style=\"text-align: justify;\">Nuestra MISI\u00d3N es la de generar muchos ingresos y oportunidades para los emprendedores, empresarios y profesionistas, ofreciendo herramientas y capacitaci\u00f3n a bajo costo para mejorar las ventas\u00a0 y la capacidad de los mexicanos. <strong>Fomentando la cultura de apoyo entre mexicanos<\/strong>\u00a0 para enfrentar la competencia nacional e internacional.<\/li>\n<li>Nuestra VISION ser los l\u00edderes en la promoci\u00f3n y presencia en Internet en cada uno de los nichos de nuestros portales.<\/li>\n<\/ul>\n<p>En este momento estamos operando con nichos de mercado en \u00e1reas de <strong><a href=\"http:\/\/condominio.com.mx\/puebla\">INMUEBLES<\/a><\/strong>,<strong> <a href=\"http:\/\/TorreEjecutiva.com\/mexico\/directorio-de-negocios\/\" target=\"_blank\">NEGOCIOS<\/a><\/strong> (PyMes, profesionistas, doctores, corporativos), <strong><a href=\"http:\/\/pedidoenlinea.com\/mexico\/tiendas\/\" target=\"_blank\">COMERCIAL<\/a><\/strong> (tiendas y centros comerciales), <strong><a href=\"http:\/\/www.DondeComer.com.mx\/mexico\/directorio-de-restaurantes\/\" target=\"_blank\">COMIDA<\/a> <\/strong>(restaurantes, comida r\u00e1pida y para llevar, entrega a domicilio, tortas, tacos y snacks, cafeterias y pastelerias), <strong><a href=\"http:\/\/BuscaRegalosyBonos.com\/mexico\/\" target=\"_blank\">PROMOCIONES Y CUPONES<\/a><\/strong>.<\/p>\n<p style=\"text-align: justify;\">En nuestro portal condominio.com.mx\/puebla ofrecemos paquetes atractivos para promocionarse y ampliamos los conceptos de b\u00fasqueda para facilitar a los visitantes encontrar la respuesta a su inter\u00e9s.<\/p>\n<p style=\"text-align: justify;\">Filtros directos desde la direcci\u00f3n del navegador, b\u00fasqueda directa a las ciudades principales o por especialidades, opciones de listados, etc.<\/p>\n<p style=\"text-align: justify;\">Si tu negocio est\u00e1 dentro de los siguientes conceptos cont\u00e1ctanos para darte una demostraci\u00f3n y pl\u00e1tica:<\/p>\n<ul>\n<li style=\"text-align: justify;\">CONDOMINIOS HORIZONTALES<\/li>\n<li style=\"text-align: justify;\">CASAS<\/li>\n<li style=\"text-align: justify;\">TERRENOS<\/li>\n<li style=\"text-align: justify;\">DEPARTAMENTOS<\/li>\n<li style=\"text-align: justify;\">OFICINAS<\/li>\n<li style=\"text-align: justify;\">LOCALES COMERCIALES<\/li>\n<li style=\"text-align: justify;\">BODEGAS<\/li>\n<li style=\"text-align: justify;\">HACIENDAS<\/li>\n<li style=\"text-align: justify;\">TIEMPOS COMPARTIDOS<\/li>\n<li style=\"text-align: justify;\">CUARTOS EN RENTA<\/li>\n<li style=\"text-align: justify;\">REMATES<\/li>\n<li style=\"text-align: justify;\">OTROS INNMUEBLES<\/li>\n<li style=\"text-align: justify;\">SERVICIOS Y PRODUCTOS PARA EL HOGAR<\/li>\n<\/ul>\n<p>&nbsp;<\/p>\n<p>Cont\u00e1ctanos<\/p>\n<table>\n<tbody>\n<tr>\n<td>Por Tel\u00e9fono<\/td>\n<td>Por correo electr\u00f3nico<\/td>\n<td>Enviando un SMS<\/td>\n<\/tr>\n<tr>\n<td>\n<p><div id=\"attachment_152\" style=\"width: 110px\" class=\"wp-caption alignnone\"><a href=\"mailto:anuncios@condominio.com.mx\/puebla\" target=\"_blank\" rel=\"attachment wp-att-152\"><img loading=\"lazy\" decoding=\"async\" aria-describedby=\"caption-attachment-152\" class=\"wp-image-152 size-full\" src=\"http:\/\/www.dondecomer.com.mx\/mexico\/wp-content\/uploads\/sites\/15\/sites\/2\/2016\/02\/qr-5584214303.png\" alt=\"Marca para m\u00e1s Informaci\u00f3n\" width=\"100\" height=\"100\" \/><\/a><p id=\"caption-attachment-152\" class=\"wp-caption-text\">Marca para m\u00e1s Informaci\u00f3n<\/p><\/div><\/td>\n<td>\u00a0<a href=\"mailto:anuncios@condominio.com.mx\/puebla\"><img loading=\"lazy\" decoding=\"async\" class=\"alignnone wp-image-62\" src=\"http:\/\/condominio.com.mx\/wp-content\/uploads\/sites\/15\/2016\/05\/correo-anuncios-condominios-300x300.png\" alt=\"correo anuncios-condominios\" width=\"163\" height=\"163\" srcset=\"https:\/\/condominio.com.mx\/puebla\/wp-content\/uploads\/sites\/15\/2016\/05\/correo-anuncios-condominios-300x300.png 300w, https:\/\/condominio.com.mx\/puebla\/wp-content\/uploads\/sites\/15\/2016\/05\/correo-anuncios-condominios-150x150.png 150w, https:\/\/condominio.com.mx\/puebla\/wp-content\/uploads\/sites\/15\/2016\/05\/correo-anuncios-condominios-96x96.png 96w, https:\/\/condominio.com.mx\/puebla\/wp-content\/uploads\/sites\/15\/2016\/05\/correo-anuncios-condominios-24x24.png 24w, https:\/\/condominio.com.mx\/puebla\/wp-content\/uploads\/sites\/15\/2016\/05\/correo-anuncios-condominios-36x36.png 36w, https:\/\/condominio.com.mx\/puebla\/wp-content\/uploads\/sites\/15\/2016\/05\/correo-anuncios-condominios-48x48.png 48w, https:\/\/condominio.com.mx\/puebla\/wp-content\/uploads\/sites\/15\/2016\/05\/correo-anuncios-condominios-64x64.png 64w, https:\/\/condominio.com.mx\/puebla\/wp-content\/uploads\/sites\/15\/2016\/05\/correo-anuncios-condominios.png 488w\" sizes=\"(max-width: 163px) 100vw, 163px\" \/><\/a><\/td>\n<td>\n<p><div id=\"attachment_153\" style=\"width: 142px\" class=\"wp-caption alignnone\"><a href=\"mailto:anuncios@condominio.com.mx\/puebla\" target=\"_blank\" rel=\"attachment wp-att-153\"><img loading=\"lazy\" decoding=\"async\" aria-describedby=\"caption-attachment-153\" class=\"wp-image-153 size-full\" src=\"http:\/\/www.dondecomer.com.mx\/mexico\/wp-content\/uploads\/sites\/15\/sites\/2\/2016\/02\/qr-sms5554561896.png\" alt=\"Deseo m\u00e1s informaci\u00f3n\" width=\"132\" height=\"132\" \/><\/a><p id=\"caption-attachment-153\" class=\"wp-caption-text\">Deseo m\u00e1s informaci\u00f3n<\/p><\/div><\/td>\n<\/tr>\n<\/tbody>\n<\/table>\n<p>&nbsp;<\/p>\n<p style=\"text-align: justify;\">En el men\u00fa superior podr\u00e1s ver opciones para el registro o para conseguir m\u00e1s informaci\u00f3n.<\/p>\n<p style=\"text-align: justify;\">\n","protected":false},"excerpt":{"rendered":"<p>Somos un grupo de personas y empresas formando una gran comunidad de Mexicanos que desean crecer sus negocios e ingresos. Nuestra comunidad, que le llamamos COMERCIO GLOBAL,\u00a0 agrupa a personas y empresas de diferentes mercados que se apoyen entre ellos mismos para mejorar sus ventas, sus capacidades, sus clientes. Los fundamentos principales en los que [&hellip;]<\/p>\n","protected":false},"author":1,"featured_media":0,"parent":0,"menu_order":0,"comment_status":"closed","ping_status":"closed","template":"","meta":{"_et_pb_use_builder":"","_et_pb_old_content":"","_et_gb_content_width":"","pmpro_default_level":"","footnotes":""},"class_list":["post-55","page","type-page","status-publish","hentry","pmpro-has-access"],"_links":{"self":[{"href":"https:\/\/condominio.com.mx\/puebla\/wp-json\/wp\/v2\/pages\/55","targetHints":{"allow":["GET"]}}],"collection":[{"href":"https:\/\/condominio.com.mx\/puebla\/wp-json\/wp\/v2\/pages"}],"about":[{"href":"https:\/\/condominio.com.mx\/puebla\/wp-json\/wp\/v2\/types\/page"}],"author":[{"embeddable":true,"href":"https:\/\/condominio.com.mx\/puebla\/wp-json\/wp\/v2\/users\/1"}],"replies":[{"embeddable":true,"href":"https:\/\/condominio.com.mx\/puebla\/wp-json\/wp\/v2\/comments?post=55"}],"version-history":[{"count":0,"href":"https:\/\/condominio.com.mx\/puebla\/wp-json\/wp\/v2\/pages\/55\/revisions"}],"wp:attachment":[{"href":"https:\/\/condominio.com.mx\/puebla\/wp-json\/wp\/v2\/media?parent=55"}],"curies":[{"name":"wp","href":"https:\/\/api.w.org\/{rel}","templated":true}]}}