{"id":55,"date":"2016-05-19T19:19:44","date_gmt":"2016-05-20T00:19:44","guid":{"rendered":"http:\/\/condominio.com.mx\/cancun\/?page_id=55"},"modified":"2020-07-01T14:39:37","modified_gmt":"2020-07-01T19:39:37","slug":"quienes-somos","status":"publish","type":"page","link":"https:\/\/condominio.com.mx\/cancun\/quienes-somos\/","title":{"rendered":"Quienes Somos"},"content":{"rendered":"<p style=\"text-align: justify;\">Somos un grupo de personas y empresas formando una gran comunidad de Mexicanos que desean crecer sus negocios e ingresos.<\/p>\n<p style=\"text-align: justify;\">Nuestra comunidad, que le llamamos COMERCIO GLOBAL,\u00a0 agrupa a personas y empresas de diferentes mercados que se apoyen entre ellos mismos para mejorar sus ventas, sus capacidades, sus clientes.<\/p>\n<p style=\"text-align: justify;\">Los fundamentos principales en los que nos basamos son:<\/p>\n<ul style=\"text-align: justify;\">\n<li style=\"text-align: justify;\">Cada elemento de la comunidad tendr\u00e1 la <strong>obligaci\u00f3n moral<\/strong> de apoyar de manera prioritaria a los otros elementos de la comunidad, cuando busquen productos y servicios deber\u00e1n realizar una b\u00fasqueda dentro del grupo antes que en cualquier otro lugar.<\/li>\n<li style=\"text-align: justify;\">Nuestra MISI\u00d3N es la de generar muchos ingresos y oportunidades para los emprendedores, empresarios y profesionistas, ofreciendo herramientas y capacitaci\u00f3n a bajo costo para mejorar las ventas\u00a0 y la capacidad de los mexicanos. <strong>Fomentando la cultura de apoyo entre mexicanos<\/strong>\u00a0 para enfrentar la competencia nacional e internacional.<\/li>\n<li>Nuestra VISION ser los l\u00edderes en la promoci\u00f3n y presencia en Internet en cada uno de los nichos de nuestros portales.<\/li>\n<\/ul>\n<p>En este momento estamos operando con nichos de mercado en \u00e1reas de <strong><a href=\"http:\/\/condominio.com.mx\/cancun\">INMUEBLES<\/a><\/strong>,<strong> <a href=\"http:\/\/TorreEjecutiva.com\/mexico\/directorio-de-negocios\/\" target=\"_blank\" rel=\"noopener noreferrer\">NEGOCIOS<\/a><\/strong> (PyMes, profesionistas, doctores, corporativos), <strong><a href=\"http:\/\/pedidoenlinea.com\/mexico\/tiendas\/\" target=\"_blank\" rel=\"noopener noreferrer\">COMERCIAL<\/a><\/strong> (tiendas y centros comerciales), <strong><a href=\"http:\/\/www.DondeComer.com.mx\/mexico\/directorio-de-restaurantes\/\" target=\"_blank\" rel=\"noopener noreferrer\">COMIDA<\/a> <\/strong>(restaurantes, comida r\u00e1pida y para llevar, entrega a domicilio, tortas, tacos y snacks, cafeterias y pastelerias), <strong><a href=\"http:\/\/BuscaRegalosyBonos.com\/mexico\/\" target=\"_blank\" rel=\"noopener noreferrer\">PROMOCIONES Y CUPONES<\/a><\/strong>.<\/p>\n<p style=\"text-align: justify;\">En nuestro portal condominio.com.mx\/cancun ofrecemos paquetes atractivos para promocionarse y ampliamos los conceptos de b\u00fasqueda para facilitar a los visitantes encontrar la respuesta a su inter\u00e9s.<\/p>\n<p style=\"text-align: justify;\">Filtros directos desde la direcci\u00f3n del navegador, b\u00fasqueda directa a las ciudades principales o por especialidades, opciones de listados, etc.<\/p>\n<p style=\"text-align: justify;\">Si tu negocio est\u00e1 dentro de los siguientes conceptos cont\u00e1ctanos para darte una demostraci\u00f3n y pl\u00e1tica:<\/p>\n<ul>\n<li style=\"text-align: justify;\">CONDOMINIOS HORIZONTALES<\/li>\n<li style=\"text-align: justify;\">CASAS<\/li>\n<li style=\"text-align: justify;\">TERRENOS<\/li>\n<li style=\"text-align: justify;\">DEPARTAMENTOS<\/li>\n<li style=\"text-align: justify;\">OFICINAS<\/li>\n<li style=\"text-align: justify;\">LOCALES COMERCIALES<\/li>\n<li style=\"text-align: justify;\">BODEGAS<\/li>\n<li style=\"text-align: justify;\">HACIENDAS<\/li>\n<li style=\"text-align: justify;\">TIEMPOS COMPARTIDOS<\/li>\n<li style=\"text-align: justify;\">CUARTOS EN RENTA<\/li>\n<li style=\"text-align: justify;\">REMATES<\/li>\n<li style=\"text-align: justify;\">OTROS INNMUEBLES<\/li>\n<li style=\"text-align: justify;\">SERVICIOS Y PRODUCTOS PARA EL HOGAR<\/li>\n<\/ul>\n<p>&nbsp;<\/p>\n<p>Cont\u00e1ctanos<\/p>\n<table>\n<tbody>\n<tr>\n<td>Por Tel\u00e9fono<\/td>\n<td>Por correo electr\u00f3nico<\/td>\n<td>Enviando un SMS<\/td>\n<\/tr>\n<tr>\n<td><img decoding=\"async\" class=\"aligncenter wp-image-749 lazyload\" data-src=\"https:\/\/condominio.com.mx\/cancun\/wp-content\/uploads\/sites\/4\/2020\/07\/qr-code-telefono-300x300.png\" alt=\"Telefono\" width=\"200\" height=\"200\" src=\"data:image\/svg+xml;base64,PHN2ZyB3aWR0aD0iMSIgaGVpZ2h0PSIxIiB4bWxucz0iaHR0cDovL3d3dy53My5vcmcvMjAwMC9zdmciPjwvc3ZnPg==\" style=\"--smush-placeholder-width: 200px; --smush-placeholder-aspect-ratio: 200\/200;\" \/><\/td>\n<td><img decoding=\"async\" class=\"alignnone wp-image-751 lazyload\" data-src=\"https:\/\/condominio.com.mx\/cancun\/wp-content\/uploads\/sites\/4\/2020\/07\/qr-code-mail-anuncios-300x300.png\" alt=\"Correo Electronico\" width=\"200\" height=\"200\" src=\"data:image\/svg+xml;base64,PHN2ZyB3aWR0aD0iMSIgaGVpZ2h0PSIxIiB4bWxucz0iaHR0cDovL3d3dy53My5vcmcvMjAwMC9zdmciPjwvc3ZnPg==\" style=\"--smush-placeholder-width: 200px; --smush-placeholder-aspect-ratio: 200\/200;\" \/><\/td>\n<td><img decoding=\"async\" class=\"alignnone wp-image-752 lazyload\" data-src=\"https:\/\/condominio.com.mx\/cancun\/wp-content\/uploads\/sites\/4\/2020\/07\/qr-code-sms-300x300.png\" alt=\"Mensajes\" width=\"200\" height=\"200\" src=\"data:image\/svg+xml;base64,PHN2ZyB3aWR0aD0iMSIgaGVpZ2h0PSIxIiB4bWxucz0iaHR0cDovL3d3dy53My5vcmcvMjAwMC9zdmciPjwvc3ZnPg==\" style=\"--smush-placeholder-width: 200px; --smush-placeholder-aspect-ratio: 200\/200;\" \/><\/td>\n<\/tr>\n<\/tbody>\n<\/table>\n<p>&nbsp;<\/p>\n<p style=\"text-align: justify;\">En el men\u00fa superior podr\u00e1s ver opciones para el registro o para conseguir m\u00e1s informaci\u00f3n.<\/p>\n<p style=\"text-align: justify;\">\n","protected":false},"excerpt":{"rendered":"<p>Somos un grupo de personas y empresas formando una gran comunidad de Mexicanos que desean crecer sus negocios e ingresos. Nuestra comunidad, que le llamamos COMERCIO GLOBAL,\u00a0 agrupa a personas y empresas de diferentes mercados que se apoyen entre ellos mismos para mejorar sus ventas, sus capacidades, sus clientes. Los fundamentos principales en los que [&hellip;]<\/p>\n","protected":false},"author":1,"featured_media":0,"parent":0,"menu_order":0,"comment_status":"closed","ping_status":"closed","template":"","meta":{"_et_pb_use_builder":"","_et_pb_old_content":"","_et_gb_content_width":"","pmpro_default_level":"","footnotes":""},"class_list":["post-55","page","type-page","status-publish","hentry","pmpro-has-access"],"_links":{"self":[{"href":"https:\/\/condominio.com.mx\/cancun\/wp-json\/wp\/v2\/pages\/55","targetHints":{"allow":["GET"]}}],"collection":[{"href":"https:\/\/condominio.com.mx\/cancun\/wp-json\/wp\/v2\/pages"}],"about":[{"href":"https:\/\/condominio.com.mx\/cancun\/wp-json\/wp\/v2\/types\/page"}],"author":[{"embeddable":true,"href":"https:\/\/condominio.com.mx\/cancun\/wp-json\/wp\/v2\/users\/1"}],"replies":[{"embeddable":true,"href":"https:\/\/condominio.com.mx\/cancun\/wp-json\/wp\/v2\/comments?post=55"}],"version-history":[{"count":0,"href":"https:\/\/condominio.com.mx\/cancun\/wp-json\/wp\/v2\/pages\/55\/revisions"}],"wp:attachment":[{"href":"https:\/\/condominio.com.mx\/cancun\/wp-json\/wp\/v2\/media?parent=55"}],"curies":[{"name":"wp","href":"https:\/\/api.w.org\/{rel}","templated":true}]}}